{"id":207,"date":"2020-10-10T17:17:27","date_gmt":"2020-10-10T17:17:27","guid":{"rendered":"https:\/\/www.portugalbeachrugby.com\/?page_id=207"},"modified":"2020-10-13T10:17:39","modified_gmt":"2020-10-13T10:17:39","slug":"faqs","status":"publish","type":"page","link":"https:\/\/www.portugalbeachrugby.com\/fr\/faqs\/","title":{"rendered":"Faqs"},"content":{"rendered":"<div data-elementor-type=\"wp-page\" data-elementor-id=\"207\" class=\"elementor elementor-207\" data-elementor-post-type=\"page\">\n\t\t\t\t\t\t<section class=\"elementor-section elementor-inner-section elementor-element elementor-element-68e91d04 elementor-section-boxed elementor-section-height-default elementor-section-height-default\" data-id=\"68e91d04\" data-element_type=\"section\">\n\t\t\t\t\t\t<div class=\"elementor-container elementor-column-gap-default\">\n\t\t\t\t\t<div class=\"elementor-column elementor-col-50 elementor-inner-column elementor-element elementor-element-1aca19a4\" data-id=\"1aca19a4\" data-element_type=\"column\">\n\t\t\t<div class=\"elementor-widget-wrap elementor-element-populated\">\n\t\t\t\t\t\t<div class=\"elementor-element elementor-element-6feffcf4 elementor-widget elementor-widget-heading\" data-id=\"6feffcf4\" data-element_type=\"widget\" data-widget_type=\"heading.default\">\n\t\t\t\t<div class=\"elementor-widget-container\">\n\t\t\t\t\t<h2 class=\"elementor-heading-title elementor-size-default\">FAQs<\/h2>\t\t\t\t<\/div>\n\t\t\t\t<\/div>\n\t\t\t\t\t<\/div>\n\t\t<\/div>\n\t\t\t\t<div class=\"elementor-column elementor-col-50 elementor-inner-column elementor-element elementor-element-4ee54599\" data-id=\"4ee54599\" data-element_type=\"column\">\n\t\t\t<div class=\"elementor-widget-wrap elementor-element-populated\">\n\t\t\t\t\t\t<div class=\"elementor-element elementor-element-3a672cdf elementor-widget-divider--view-line elementor-widget elementor-widget-divider\" data-id=\"3a672cdf\" data-element_type=\"widget\" data-widget_type=\"divider.default\">\n\t\t\t\t<div class=\"elementor-widget-container\">\n\t\t\t\t\t\t\t<div class=\"elementor-divider\">\n\t\t\t<span class=\"elementor-divider-separator\">\n\t\t\t\t\t\t<\/span>\n\t\t<\/div>\n\t\t\t\t\t\t<\/div>\n\t\t\t\t<\/div>\n\t\t\t\t\t<\/div>\n\t\t<\/div>\n\t\t\t\t\t<\/div>\n\t\t<\/section>\n\t\t\t\t<section class=\"elementor-section elementor-top-section elementor-element elementor-element-c82daaa elementor-section-content-middle elementor-section-boxed elementor-section-height-default elementor-section-height-default\" data-id=\"c82daaa\" data-element_type=\"section\" data-settings=\"{&quot;background_background&quot;:&quot;classic&quot;}\">\n\t\t\t\t\t\t\t<div class=\"elementor-background-overlay\"><\/div>\n\t\t\t\t\t\t\t<div class=\"elementor-container elementor-column-gap-no\">\n\t\t\t\t\t<div class=\"elementor-column elementor-col-100 elementor-top-column elementor-element elementor-element-b22ca51\" data-id=\"b22ca51\" data-element_type=\"column\" data-settings=\"{&quot;background_background&quot;:&quot;classic&quot;}\">\n\t\t\t<div class=\"elementor-widget-wrap elementor-element-populated\">\n\t\t\t\t\t\t<div class=\"elementor-element elementor-element-600ca83 elementor-widget elementor-widget-toggle\" data-id=\"600ca83\" data-element_type=\"widget\" data-widget_type=\"toggle.default\">\n\t\t\t\t<div class=\"elementor-widget-container\">\n\t\t\t\t\t\t\t<div class=\"elementor-toggle\">\n\t\t\t\t\t\t\t<div class=\"elementor-toggle-item\">\n\t\t\t\t\t<div id=\"elementor-tab-title-1001\" class=\"elementor-tab-title\" data-tab=\"1\" role=\"button\" aria-controls=\"elementor-tab-content-1001\" aria-expanded=\"false\">\n\t\t\t\t\t\t\t\t\t\t\t\t<span class=\"elementor-toggle-icon elementor-toggle-icon-left\" aria-hidden=\"true\">\n\t\t\t\t\t\t\t\t\t\t\t\t\t\t\t<span class=\"elementor-toggle-icon-closed\"><svg class=\"e-font-icon-svg e-fas-caret-right\" viewbox=\"0 0 192 512\" xmlns=\"http:\/\/www.w3.org\/2000\/svg\"><path d=\"M0 384.662V127.338c0-17.818 21.543-26.741 34.142-14.142l128.662 128.662c7.81 7.81 7.81 20.474 0 28.284L34.142 398.804C21.543 411.404 0 402.48 0 384.662z\"><\/path><\/svg><\/span>\n\t\t\t\t\t\t\t\t<span class=\"elementor-toggle-icon-opened\"><svg class=\"elementor-toggle-icon-opened e-font-icon-svg e-fas-caret-up\" viewbox=\"0 0 320 512\" xmlns=\"http:\/\/www.w3.org\/2000\/svg\"><path d=\"M288.662 352H31.338c-17.818 0-26.741-21.543-14.142-34.142l128.662-128.662c7.81-7.81 20.474-7.81 28.284 0l128.662 128.662c12.6 12.599 3.676 34.142-14.142 34.142z\"><\/path><\/svg><\/span>\n\t\t\t\t\t\t\t\t\t\t\t\t\t<\/span>\n\t\t\t\t\t\t\t\t\t\t\t\t<a class=\"elementor-toggle-title\" tabindex=\"0\">O\u00f9 se d\u00e9roule l'\u00e9v\u00e9nement?<\/a>\n\t\t\t\t\t<\/div>\n\n\t\t\t\t\t<div id=\"elementor-tab-content-1001\" class=\"elementor-tab-content elementor-clearfix\" data-tab=\"1\" role=\"region\" aria-labelledby=\"elementor-tab-title-1001\"><p>Figueira da Foz est situ\u00e9e dans le centre du Portugal, \u00e0 40 minutes de Coimbra, \u00e0 une heure et demie de Porto et \u00e0 deux heures de Lisbonne.<br \/>Figueira da Foz est consid\u00e9r\u00e9e comme la reine des plages portugaises. Figueira est une destination touristique populaire, accueillant toutes sortes d'\u00e9v\u00e9nements tout au long de l'ann\u00e9e. A Figueira, il y a toujours quelque chose d'amusant pour tout le monde. Les rues d'\u00e9t\u00e9 sont remplies de jeunes. Les bars et pubs attirent de nombreux touristes qui donnent une couleur et une ambiance uniques aux belles nuits chaudes.<br \/>Les grandes et belles plages de sable font de Figueira da Foz le meilleur endroit pour accueillir cet \u00e9v\u00e9nement unique.<\/p><\/div>\n\t\t\t\t<\/div>\n\t\t\t\t\t\t\t<div class=\"elementor-toggle-item\">\n\t\t\t\t\t<div id=\"elementor-tab-title-1002\" class=\"elementor-tab-title\" data-tab=\"2\" role=\"button\" aria-controls=\"elementor-tab-content-1002\" aria-expanded=\"false\">\n\t\t\t\t\t\t\t\t\t\t\t\t<span class=\"elementor-toggle-icon elementor-toggle-icon-left\" aria-hidden=\"true\">\n\t\t\t\t\t\t\t\t\t\t\t\t\t\t\t<span class=\"elementor-toggle-icon-closed\"><svg class=\"e-font-icon-svg e-fas-caret-right\" viewbox=\"0 0 192 512\" xmlns=\"http:\/\/www.w3.org\/2000\/svg\"><path d=\"M0 384.662V127.338c0-17.818 21.543-26.741 34.142-14.142l128.662 128.662c7.81 7.81 7.81 20.474 0 28.284L34.142 398.804C21.543 411.404 0 402.48 0 384.662z\"><\/path><\/svg><\/span>\n\t\t\t\t\t\t\t\t<span class=\"elementor-toggle-icon-opened\"><svg class=\"elementor-toggle-icon-opened e-font-icon-svg e-fas-caret-up\" viewbox=\"0 0 320 512\" xmlns=\"http:\/\/www.w3.org\/2000\/svg\"><path d=\"M288.662 352H31.338c-17.818 0-26.741-21.543-14.142-34.142l128.662-128.662c7.81-7.81 20.474-7.81 28.284 0l128.662 128.662c12.6 12.599 3.676 34.142-14.142 34.142z\"><\/path><\/svg><\/span>\n\t\t\t\t\t\t\t\t\t\t\t\t\t<\/span>\n\t\t\t\t\t\t\t\t\t\t\t\t<a class=\"elementor-toggle-title\" tabindex=\"0\">Nous n'avons aucune exp\u00e9rience en Beach Rugby. Est-ce un probl\u00e8me?<\/a>\n\t\t\t\t\t<\/div>\n\n\t\t\t\t\t<div id=\"elementor-tab-content-1002\" class=\"elementor-tab-content elementor-clearfix\" data-tab=\"2\" role=\"region\" aria-labelledby=\"elementor-tab-title-1002\"><p>Ce n'est pas du tout un probl\u00e8me! Nous avons tous les niveaux d'\u00e9quipe repr\u00e9sent\u00e9s. De nombreuses \u00e9quipes ont leur premier contact avec Beach Rugby dans notre \u00e9v\u00e9nement.<br \/>La fa\u00e7on dont nous planifions l'\u00e9v\u00e9nement est comme le tournoi \u00e0 sept. Apr\u00e8s la phase de groupes, lorsque vous pourriez affronter des \u00e9quipes de diff\u00e9rents niveaux, les \u00e9quipes jouent pour diff\u00e9rents niveaux de comp\u00e9tition. Pour le premier jour, les \u00e9quipes sont divis\u00e9es en groupes de quatre. Il est donc possible d\u00e8s le premier jour de voir des \u00e9quipes de diff\u00e9rents niveaux s'affronter. Pour le deuxi\u00e8me jour, une deuxi\u00e8me phase de groupes est d\u00e9cid\u00e9e en fonction des r\u00e9sultats du premier jour, donc \u00e0 partir de l\u00e0, les \u00e9quipes ne joueront qu'avec d'autres \u00e9quipes du m\u00eame niveau.<\/p><\/div>\n\t\t\t\t<\/div>\n\t\t\t\t\t\t\t<div class=\"elementor-toggle-item\">\n\t\t\t\t\t<div id=\"elementor-tab-title-1003\" class=\"elementor-tab-title\" data-tab=\"3\" role=\"button\" aria-controls=\"elementor-tab-content-1003\" aria-expanded=\"false\">\n\t\t\t\t\t\t\t\t\t\t\t\t<span class=\"elementor-toggle-icon elementor-toggle-icon-left\" aria-hidden=\"true\">\n\t\t\t\t\t\t\t\t\t\t\t\t\t\t\t<span class=\"elementor-toggle-icon-closed\"><svg class=\"e-font-icon-svg e-fas-caret-right\" viewbox=\"0 0 192 512\" xmlns=\"http:\/\/www.w3.org\/2000\/svg\"><path d=\"M0 384.662V127.338c0-17.818 21.543-26.741 34.142-14.142l128.662 128.662c7.81 7.81 7.81 20.474 0 28.284L34.142 398.804C21.543 411.404 0 402.48 0 384.662z\"><\/path><\/svg><\/span>\n\t\t\t\t\t\t\t\t<span class=\"elementor-toggle-icon-opened\"><svg class=\"elementor-toggle-icon-opened e-font-icon-svg e-fas-caret-up\" viewbox=\"0 0 320 512\" xmlns=\"http:\/\/www.w3.org\/2000\/svg\"><path d=\"M288.662 352H31.338c-17.818 0-26.741-21.543-14.142-34.142l128.662-128.662c7.81-7.81 20.474-7.81 28.284 0l128.662 128.662c12.6 12.599 3.676 34.142-14.142 34.142z\"><\/path><\/svg><\/span>\n\t\t\t\t\t\t\t\t\t\t\t\t\t<\/span>\n\t\t\t\t\t\t\t\t\t\t\t\t<a class=\"elementor-toggle-title\" tabindex=\"0\">Nous manquons de nombre de joueurs. Connaissez-vous des joueurs locaux d\u00e9sireux de rejoindre notre \u00e9quipe?<\/a>\n\t\t\t\t\t<\/div>\n\n\t\t\t\t\t<div id=\"elementor-tab-content-1003\" class=\"elementor-tab-content elementor-clearfix\" data-tab=\"3\" role=\"region\" aria-labelledby=\"elementor-tab-title-1003\"><p>La plupart du temps, nous avons des contacts de joueurs locaux \u00e0 la recherche d'\u00e9quipes d\u00e9sireuses de les accueillir pour un excellent week-end de #BeachRugbyMadness. Contactez l'organisation pour r\u00e9gler ce probl\u00e8me.<\/p><\/div>\n\t\t\t\t<\/div>\n\t\t\t\t\t\t\t<div class=\"elementor-toggle-item\">\n\t\t\t\t\t<div id=\"elementor-tab-title-1004\" class=\"elementor-tab-title\" data-tab=\"4\" role=\"button\" aria-controls=\"elementor-tab-content-1004\" aria-expanded=\"false\">\n\t\t\t\t\t\t\t\t\t\t\t\t<span class=\"elementor-toggle-icon elementor-toggle-icon-left\" aria-hidden=\"true\">\n\t\t\t\t\t\t\t\t\t\t\t\t\t\t\t<span class=\"elementor-toggle-icon-closed\"><svg class=\"e-font-icon-svg e-fas-caret-right\" viewbox=\"0 0 192 512\" xmlns=\"http:\/\/www.w3.org\/2000\/svg\"><path d=\"M0 384.662V127.338c0-17.818 21.543-26.741 34.142-14.142l128.662 128.662c7.81 7.81 7.81 20.474 0 28.284L34.142 398.804C21.543 411.404 0 402.48 0 384.662z\"><\/path><\/svg><\/span>\n\t\t\t\t\t\t\t\t<span class=\"elementor-toggle-icon-opened\"><svg class=\"elementor-toggle-icon-opened e-font-icon-svg e-fas-caret-up\" viewbox=\"0 0 320 512\" xmlns=\"http:\/\/www.w3.org\/2000\/svg\"><path d=\"M288.662 352H31.338c-17.818 0-26.741-21.543-14.142-34.142l128.662-128.662c7.81-7.81 20.474-7.81 28.284 0l128.662 128.662c12.6 12.599 3.676 34.142-14.142 34.142z\"><\/path><\/svg><\/span>\n\t\t\t\t\t\t\t\t\t\t\t\t\t<\/span>\n\t\t\t\t\t\t\t\t\t\t\t\t<a class=\"elementor-toggle-title\" tabindex=\"0\">Doit-on payer tous ensemble ou chaque joueur peut-il payer sa part?<\/a>\n\t\t\t\t\t<\/div>\n\n\t\t\t\t\t<div id=\"elementor-tab-content-1004\" class=\"elementor-tab-content elementor-clearfix\" data-tab=\"4\" role=\"region\" aria-labelledby=\"elementor-tab-title-1004\"><p>Nous voulons simplifier au maximum la vie des managers d'\u00e9quipe. Donc, s'il vous est plus facile de g\u00e9rer vos groupes en les payant s\u00e9par\u00e9ment, ce n'est pas un probl\u00e8me pour nous. Nous demandons uniquement le re\u00e7u de paiement avec identification de l'\u00e9quipe.<\/p><\/div>\n\t\t\t\t<\/div>\n\t\t\t\t\t\t\t<div class=\"elementor-toggle-item\">\n\t\t\t\t\t<div id=\"elementor-tab-title-1005\" class=\"elementor-tab-title\" data-tab=\"5\" role=\"button\" aria-controls=\"elementor-tab-content-1005\" aria-expanded=\"false\">\n\t\t\t\t\t\t\t\t\t\t\t\t<span class=\"elementor-toggle-icon elementor-toggle-icon-left\" aria-hidden=\"true\">\n\t\t\t\t\t\t\t\t\t\t\t\t\t\t\t<span class=\"elementor-toggle-icon-closed\"><svg class=\"e-font-icon-svg e-fas-caret-right\" viewbox=\"0 0 192 512\" xmlns=\"http:\/\/www.w3.org\/2000\/svg\"><path d=\"M0 384.662V127.338c0-17.818 21.543-26.741 34.142-14.142l128.662 128.662c7.81 7.81 7.81 20.474 0 28.284L34.142 398.804C21.543 411.404 0 402.48 0 384.662z\"><\/path><\/svg><\/span>\n\t\t\t\t\t\t\t\t<span class=\"elementor-toggle-icon-opened\"><svg class=\"elementor-toggle-icon-opened e-font-icon-svg e-fas-caret-up\" viewbox=\"0 0 320 512\" xmlns=\"http:\/\/www.w3.org\/2000\/svg\"><path d=\"M288.662 352H31.338c-17.818 0-26.741-21.543-14.142-34.142l128.662-128.662c7.81-7.81 20.474-7.81 28.284 0l128.662 128.662c12.6 12.599 3.676 34.142-14.142 34.142z\"><\/path><\/svg><\/span>\n\t\t\t\t\t\t\t\t\t\t\t\t\t<\/span>\n\t\t\t\t\t\t\t\t\t\t\t\t<a class=\"elementor-toggle-title\" tabindex=\"0\">Comment arriver \u00e0 Figueira?<\/a>\n\t\t\t\t\t<\/div>\n\n\t\t\t\t\t<div id=\"elementor-tab-content-1005\" class=\"elementor-tab-content elementor-clearfix\" data-tab=\"5\" role=\"region\" aria-labelledby=\"elementor-tab-title-1005\"><p>En souscrivant au forfait h\u00e9bergement, votre \u00e9quipe b\u00e9n\u00e9ficie des transferts a\u00e9roport organis\u00e9s par l'organisation du tournoi.<\/p><\/div>\n\t\t\t\t<\/div>\n\t\t\t\t\t\t\t<div class=\"elementor-toggle-item\">\n\t\t\t\t\t<div id=\"elementor-tab-title-1006\" class=\"elementor-tab-title\" data-tab=\"6\" role=\"button\" aria-controls=\"elementor-tab-content-1006\" aria-expanded=\"false\">\n\t\t\t\t\t\t\t\t\t\t\t\t<span class=\"elementor-toggle-icon elementor-toggle-icon-left\" aria-hidden=\"true\">\n\t\t\t\t\t\t\t\t\t\t\t\t\t\t\t<span class=\"elementor-toggle-icon-closed\"><svg class=\"e-font-icon-svg e-fas-caret-right\" viewbox=\"0 0 192 512\" xmlns=\"http:\/\/www.w3.org\/2000\/svg\"><path d=\"M0 384.662V127.338c0-17.818 21.543-26.741 34.142-14.142l128.662 128.662c7.81 7.81 7.81 20.474 0 28.284L34.142 398.804C21.543 411.404 0 402.48 0 384.662z\"><\/path><\/svg><\/span>\n\t\t\t\t\t\t\t\t<span class=\"elementor-toggle-icon-opened\"><svg class=\"elementor-toggle-icon-opened e-font-icon-svg e-fas-caret-up\" viewbox=\"0 0 320 512\" xmlns=\"http:\/\/www.w3.org\/2000\/svg\"><path d=\"M288.662 352H31.338c-17.818 0-26.741-21.543-14.142-34.142l128.662-128.662c7.81-7.81 20.474-7.81 28.284 0l128.662 128.662c12.6 12.599 3.676 34.142-14.142 34.142z\"><\/path><\/svg><\/span>\n\t\t\t\t\t\t\t\t\t\t\t\t\t<\/span>\n\t\t\t\t\t\t\t\t\t\t\t\t<a class=\"elementor-toggle-title\" tabindex=\"0\">Notre \u00e9quipe arrive sur diff\u00e9rents vols. Est-ce un probl\u00e8me?<\/a>\n\t\t\t\t\t<\/div>\n\n\t\t\t\t\t<div id=\"elementor-tab-content-1006\" class=\"elementor-tab-content elementor-clearfix\" data-tab=\"6\" role=\"region\" aria-labelledby=\"elementor-tab-title-1006\"><p>Nous n'organisons pas de transferts priv\u00e9s en \u00e9quipe depuis et vers les a\u00e9roports. En fonction des horaires d'arriv\u00e9e et de d\u00e9part des vols des \u00e9quipes et des joueurs, nous planifions un horaire de transferts pour la journ\u00e9e. Nous informons les \u00e9quipes et les joueurs \u00e0 quels transferts leur sont attribu\u00e9s.<\/p><\/div>\n\t\t\t\t<\/div>\n\t\t\t\t\t\t\t<div class=\"elementor-toggle-item\">\n\t\t\t\t\t<div id=\"elementor-tab-title-1007\" class=\"elementor-tab-title\" data-tab=\"7\" role=\"button\" aria-controls=\"elementor-tab-content-1007\" aria-expanded=\"false\">\n\t\t\t\t\t\t\t\t\t\t\t\t<span class=\"elementor-toggle-icon elementor-toggle-icon-left\" aria-hidden=\"true\">\n\t\t\t\t\t\t\t\t\t\t\t\t\t\t\t<span class=\"elementor-toggle-icon-closed\"><svg class=\"e-font-icon-svg e-fas-caret-right\" viewbox=\"0 0 192 512\" xmlns=\"http:\/\/www.w3.org\/2000\/svg\"><path d=\"M0 384.662V127.338c0-17.818 21.543-26.741 34.142-14.142l128.662 128.662c7.81 7.81 7.81 20.474 0 28.284L34.142 398.804C21.543 411.404 0 402.48 0 384.662z\"><\/path><\/svg><\/span>\n\t\t\t\t\t\t\t\t<span class=\"elementor-toggle-icon-opened\"><svg class=\"elementor-toggle-icon-opened e-font-icon-svg e-fas-caret-up\" viewbox=\"0 0 320 512\" xmlns=\"http:\/\/www.w3.org\/2000\/svg\"><path d=\"M288.662 352H31.338c-17.818 0-26.741-21.543-14.142-34.142l128.662-128.662c7.81-7.81 20.474-7.81 28.284 0l128.662 128.662c12.6 12.599 3.676 34.142-14.142 34.142z\"><\/path><\/svg><\/span>\n\t\t\t\t\t\t\t\t\t\t\t\t\t<\/span>\n\t\t\t\t\t\t\t\t\t\t\t\t<a class=\"elementor-toggle-title\" tabindex=\"0\">Quel est le co\u00fbt?<\/a>\n\t\t\t\t\t<\/div>\n\n\t\t\t\t\t<div id=\"elementor-tab-content-1007\" class=\"elementor-tab-content elementor-clearfix\" data-tab=\"7\" role=\"region\" aria-labelledby=\"elementor-tab-title-1007\"><p>Vous pouvez choisir parmi deux forfaits diff\u00e9rents:\u00a0\u00a0<strong>Accommodation Package<\/strong>\u00a0(que nous vous conseillons vivement de souscrire si vous voyagez en plaine) et le\u00a0<strong>Paquet de base<\/strong>. V\u00e9rifiez les prix et ce qui est inclus <a href=\"https:\/\/www.portugalbeachrugby.com\/fr\/book-here\/\">ici<\/a>.<\/p><\/div>\n\t\t\t\t<\/div>\n\t\t\t\t\t\t\t\t<\/div>\n\t\t\t\t\t\t<\/div>\n\t\t\t\t<\/div>\n\t\t\t\t\t<\/div>\n\t\t<\/div>\n\t\t\t\t\t<\/div>\n\t\t<\/section>\n\t\t\t\t<\/div>","protected":false},"excerpt":{"rendered":"<p>FAQs Where is the event held? Figueira da Foz is located in the Centre of Portugal, 40 minutes from Coimbra, one hour and half from Oporto and two hours from Lisbon.Figueira da Foz is considered the Queen of the portuguese beaches. Figueira is a\u00a0 popular touristic destination, welcoming all kinds of events year round. In [&hellip;]<\/p>\n","protected":false},"author":1,"featured_media":0,"parent":0,"menu_order":0,"comment_status":"closed","ping_status":"closed","template":"elementor_header_footer","meta":{"footnotes":""},"class_list":["post-207","page","type-page","status-publish","hentry"],"yoast_head":"<!-- This site is optimized with the Yoast SEO plugin v26.8 - https:\/\/yoast.com\/product\/yoast-seo-wordpress\/ -->\n<title>Faqs | Figueira Beach Rugby<\/title>\n<meta name=\"description\" content=\"FAQs Where is the event held? Figueira da Foz is located in the Centre of Portugal, 40 minutes from Coimbra, one hour and half from Oporto and two hours\" \/>\n<meta name=\"robots\" content=\"index, follow, max-snippet:-1, max-image-preview:large, max-video-preview:-1\" \/>\n<link rel=\"canonical\" href=\"https:\/\/www.portugalbeachrugby.com\/fr\/faqs\/\" \/>\n<meta property=\"og:locale\" content=\"fr_FR\" \/>\n<meta property=\"og:type\" content=\"article\" \/>\n<meta property=\"og:title\" content=\"Faqs | Figueira Beach Rugby\" \/>\n<meta property=\"og:description\" content=\"FAQs Where is the event held? Figueira da Foz is located in the Centre of Portugal, 40 minutes from Coimbra, one hour and half from Oporto and two hours\" \/>\n<meta property=\"og:url\" content=\"https:\/\/www.portugalbeachrugby.com\/fr\/faqs\/\" \/>\n<meta property=\"og:site_name\" content=\"Figueira Beach Rugby\" \/>\n<meta property=\"article:publisher\" content=\"https:\/\/www.facebook.com\/Figueirabeachrugby\" \/>\n<meta property=\"article:modified_time\" content=\"2020-10-13T10:17:39+00:00\" \/>\n<meta property=\"og:image\" content=\"https:\/\/www.portugalbeachrugby.com\/wp-content\/uploads\/2021\/02\/Facebook-Page-Cover-Beach-Rugby-Cartaz-Final.png\" \/>\n\t<meta property=\"og:image:width\" content=\"820\" \/>\n\t<meta property=\"og:image:height\" content=\"312\" \/>\n\t<meta property=\"og:image:type\" content=\"image\/png\" \/>\n<meta name=\"twitter:card\" content=\"summary_large_image\" \/>\n<meta name=\"twitter:label1\" content=\"Dur\u00e9e de lecture estim\u00e9e\" \/>\n\t<meta name=\"twitter:data1\" content=\"2 minutes\" \/>\n<script type=\"application\/ld+json\" class=\"yoast-schema-graph\">{\"@context\":\"https:\/\/schema.org\",\"@graph\":[{\"@type\":\"WebPage\",\"@id\":\"https:\/\/www.portugalbeachrugby.com\/faqs\/\",\"url\":\"https:\/\/www.portugalbeachrugby.com\/faqs\/\",\"name\":\"Faqs | Figueira Beach Rugby\",\"isPartOf\":{\"@id\":\"https:\/\/www.portugalbeachrugby.com\/#website\"},\"datePublished\":\"2020-10-10T17:17:27+00:00\",\"dateModified\":\"2020-10-13T10:17:39+00:00\",\"description\":\"FAQs Where is the event held? Figueira da Foz is located in the Centre of Portugal, 40 minutes from Coimbra, one hour and half from Oporto and two hours\",\"breadcrumb\":{\"@id\":\"https:\/\/www.portugalbeachrugby.com\/faqs\/#breadcrumb\"},\"inLanguage\":\"fr-FR\",\"potentialAction\":[{\"@type\":\"ReadAction\",\"target\":[\"https:\/\/www.portugalbeachrugby.com\/faqs\/\"]}]},{\"@type\":\"BreadcrumbList\",\"@id\":\"https:\/\/www.portugalbeachrugby.com\/faqs\/#breadcrumb\",\"itemListElement\":[{\"@type\":\"ListItem\",\"position\":1,\"name\":\"Home\",\"item\":\"https:\/\/www.portugalbeachrugby.com\/\"},{\"@type\":\"ListItem\",\"position\":2,\"name\":\"Faqs\"}]},{\"@type\":\"WebSite\",\"@id\":\"https:\/\/www.portugalbeachrugby.com\/#website\",\"url\":\"https:\/\/www.portugalbeachrugby.com\/\",\"name\":\"Figueira Beach Rugby\",\"description\":\"Your Lifetime Experience\",\"publisher\":{\"@id\":\"https:\/\/www.portugalbeachrugby.com\/#organization\"},\"potentialAction\":[{\"@type\":\"SearchAction\",\"target\":{\"@type\":\"EntryPoint\",\"urlTemplate\":\"https:\/\/www.portugalbeachrugby.com\/?s={search_term_string}\"},\"query-input\":{\"@type\":\"PropertyValueSpecification\",\"valueRequired\":true,\"valueName\":\"search_term_string\"}}],\"inLanguage\":\"fr-FR\"},{\"@type\":\"Organization\",\"@id\":\"https:\/\/www.portugalbeachrugby.com\/#organization\",\"name\":\"Figueira Beach Rugby\",\"url\":\"https:\/\/www.portugalbeachrugby.com\/\",\"logo\":{\"@type\":\"ImageObject\",\"inLanguage\":\"fr-FR\",\"@id\":\"https:\/\/www.portugalbeachrugby.com\/#\/schema\/logo\/image\/\",\"url\":\"https:\/\/www.portugalbeachrugby.com\/wp-content\/uploads\/2020\/10\/cropped-Identity-Design-2021-Portugal-Figueira-Beach-Rugby.png\",\"contentUrl\":\"https:\/\/www.portugalbeachrugby.com\/wp-content\/uploads\/2020\/10\/cropped-Identity-Design-2021-Portugal-Figueira-Beach-Rugby.png\",\"width\":1462,\"height\":482,\"caption\":\"Figueira Beach Rugby\"},\"image\":{\"@id\":\"https:\/\/www.portugalbeachrugby.com\/#\/schema\/logo\/image\/\"},\"sameAs\":[\"https:\/\/www.facebook.com\/Figueirabeachrugby\",\"https:\/\/www.instagram.com\/figueirabeachrugby\/\",\"https:\/\/www.youtube.com\/c\/BeachRugbyPortugal\/videos\"]}]}<\/script>\n<!-- \/ Yoast SEO plugin. -->","yoast_head_json":{"title":"Faqs | Figueira Beach Rugby","description":"FAQs Where is the event held? Figueira da Foz is located in the Centre of Portugal, 40 minutes from Coimbra, one hour and half from Oporto and two hours","robots":{"index":"index","follow":"follow","max-snippet":"max-snippet:-1","max-image-preview":"max-image-preview:large","max-video-preview":"max-video-preview:-1"},"canonical":"https:\/\/www.portugalbeachrugby.com\/fr\/faqs\/","og_locale":"fr_FR","og_type":"article","og_title":"Faqs | Figueira Beach Rugby","og_description":"FAQs Where is the event held? Figueira da Foz is located in the Centre of Portugal, 40 minutes from Coimbra, one hour and half from Oporto and two hours","og_url":"https:\/\/www.portugalbeachrugby.com\/fr\/faqs\/","og_site_name":"Figueira Beach Rugby","article_publisher":"https:\/\/www.facebook.com\/Figueirabeachrugby","article_modified_time":"2020-10-13T10:17:39+00:00","og_image":[{"width":820,"height":312,"url":"https:\/\/www.portugalbeachrugby.com\/wp-content\/uploads\/2021\/02\/Facebook-Page-Cover-Beach-Rugby-Cartaz-Final.png","type":"image\/png"}],"twitter_card":"summary_large_image","twitter_misc":{"Dur\u00e9e de lecture estim\u00e9e":"2 minutes"},"schema":{"@context":"https:\/\/schema.org","@graph":[{"@type":"WebPage","@id":"https:\/\/www.portugalbeachrugby.com\/faqs\/","url":"https:\/\/www.portugalbeachrugby.com\/faqs\/","name":"Faqs | Figueira Beach Rugby","isPartOf":{"@id":"https:\/\/www.portugalbeachrugby.com\/#website"},"datePublished":"2020-10-10T17:17:27+00:00","dateModified":"2020-10-13T10:17:39+00:00","description":"FAQs Where is the event held? Figueira da Foz is located in the Centre of Portugal, 40 minutes from Coimbra, one hour and half from Oporto and two hours","breadcrumb":{"@id":"https:\/\/www.portugalbeachrugby.com\/faqs\/#breadcrumb"},"inLanguage":"fr-FR","potentialAction":[{"@type":"ReadAction","target":["https:\/\/www.portugalbeachrugby.com\/faqs\/"]}]},{"@type":"BreadcrumbList","@id":"https:\/\/www.portugalbeachrugby.com\/faqs\/#breadcrumb","itemListElement":[{"@type":"ListItem","position":1,"name":"Home","item":"https:\/\/www.portugalbeachrugby.com\/"},{"@type":"ListItem","position":2,"name":"Faqs"}]},{"@type":"WebSite","@id":"https:\/\/www.portugalbeachrugby.com\/#website","url":"https:\/\/www.portugalbeachrugby.com\/","name":"Figueira Beach Rugby","description":"Your Lifetime Experience","publisher":{"@id":"https:\/\/www.portugalbeachrugby.com\/#organization"},"potentialAction":[{"@type":"SearchAction","target":{"@type":"EntryPoint","urlTemplate":"https:\/\/www.portugalbeachrugby.com\/?s={search_term_string}"},"query-input":{"@type":"PropertyValueSpecification","valueRequired":true,"valueName":"search_term_string"}}],"inLanguage":"fr-FR"},{"@type":"Organization","@id":"https:\/\/www.portugalbeachrugby.com\/#organization","name":"Figueira Beach Rugby","url":"https:\/\/www.portugalbeachrugby.com\/","logo":{"@type":"ImageObject","inLanguage":"fr-FR","@id":"https:\/\/www.portugalbeachrugby.com\/#\/schema\/logo\/image\/","url":"https:\/\/www.portugalbeachrugby.com\/wp-content\/uploads\/2020\/10\/cropped-Identity-Design-2021-Portugal-Figueira-Beach-Rugby.png","contentUrl":"https:\/\/www.portugalbeachrugby.com\/wp-content\/uploads\/2020\/10\/cropped-Identity-Design-2021-Portugal-Figueira-Beach-Rugby.png","width":1462,"height":482,"caption":"Figueira Beach Rugby"},"image":{"@id":"https:\/\/www.portugalbeachrugby.com\/#\/schema\/logo\/image\/"},"sameAs":["https:\/\/www.facebook.com\/Figueirabeachrugby","https:\/\/www.instagram.com\/figueirabeachrugby\/","https:\/\/www.youtube.com\/c\/BeachRugbyPortugal\/videos"]}]}},"_links":{"self":[{"href":"https:\/\/www.portugalbeachrugby.com\/fr\/wp-json\/wp\/v2\/pages\/207","targetHints":{"allow":["GET"]}}],"collection":[{"href":"https:\/\/www.portugalbeachrugby.com\/fr\/wp-json\/wp\/v2\/pages"}],"about":[{"href":"https:\/\/www.portugalbeachrugby.com\/fr\/wp-json\/wp\/v2\/types\/page"}],"author":[{"embeddable":true,"href":"https:\/\/www.portugalbeachrugby.com\/fr\/wp-json\/wp\/v2\/users\/1"}],"replies":[{"embeddable":true,"href":"https:\/\/www.portugalbeachrugby.com\/fr\/wp-json\/wp\/v2\/comments?post=207"}],"version-history":[{"count":3,"href":"https:\/\/www.portugalbeachrugby.com\/fr\/wp-json\/wp\/v2\/pages\/207\/revisions"}],"predecessor-version":[{"id":300,"href":"https:\/\/www.portugalbeachrugby.com\/fr\/wp-json\/wp\/v2\/pages\/207\/revisions\/300"}],"wp:attachment":[{"href":"https:\/\/www.portugalbeachrugby.com\/fr\/wp-json\/wp\/v2\/media?parent=207"}],"curies":[{"name":"wp","href":"https:\/\/api.w.org\/{rel}","templated":true}]}}