{"id":46,"date":"2020-10-05T10:23:57","date_gmt":"2020-10-05T10:23:57","guid":{"rendered":"https:\/\/www.portugalbeachrugby.com\/?page_id=46"},"modified":"2023-09-26T10:31:21","modified_gmt":"2023-09-26T10:31:21","slug":"about-us-doctorsport-events","status":"publish","type":"page","link":"https:\/\/www.portugalbeachrugby.com\/fr\/about-us-doctorsport-events\/","title":{"rendered":"\u00c0 propos de nous"},"content":{"rendered":"<div data-elementor-type=\"wp-page\" data-elementor-id=\"46\" class=\"elementor elementor-46\" data-elementor-post-type=\"page\">\n\t\t\t\t\t\t<section class=\"elementor-section elementor-inner-section elementor-element elementor-element-7de8c212 elementor-section-boxed elementor-section-height-default elementor-section-height-default\" data-id=\"7de8c212\" data-element_type=\"section\">\n\t\t\t\t\t\t<div class=\"elementor-container elementor-column-gap-default\">\n\t\t\t\t\t<div class=\"elementor-column elementor-col-50 elementor-inner-column elementor-element elementor-element-5ccd1f5e\" data-id=\"5ccd1f5e\" data-element_type=\"column\">\n\t\t\t<div class=\"elementor-widget-wrap elementor-element-populated\">\n\t\t\t\t\t\t<div class=\"elementor-element elementor-element-57d39c6 elementor-widget elementor-widget-heading\" data-id=\"57d39c6\" data-element_type=\"widget\" data-widget_type=\"heading.default\">\n\t\t\t\t<div class=\"elementor-widget-container\">\n\t\t\t\t\t<h2 class=\"elementor-heading-title elementor-size-default\">\u00c0 propos de nous<\/h2>\t\t\t\t<\/div>\n\t\t\t\t<\/div>\n\t\t\t\t\t<\/div>\n\t\t<\/div>\n\t\t\t\t<div class=\"elementor-column elementor-col-50 elementor-inner-column elementor-element elementor-element-7203ec68\" data-id=\"7203ec68\" data-element_type=\"column\">\n\t\t\t<div class=\"elementor-widget-wrap elementor-element-populated\">\n\t\t\t\t\t\t<div class=\"elementor-element elementor-element-44056751 elementor-widget-divider--view-line elementor-widget elementor-widget-divider\" data-id=\"44056751\" data-element_type=\"widget\" data-widget_type=\"divider.default\">\n\t\t\t\t<div class=\"elementor-widget-container\">\n\t\t\t\t\t\t\t<div class=\"elementor-divider\">\n\t\t\t<span class=\"elementor-divider-separator\">\n\t\t\t\t\t\t<\/span>\n\t\t<\/div>\n\t\t\t\t\t\t<\/div>\n\t\t\t\t<\/div>\n\t\t\t\t\t<\/div>\n\t\t<\/div>\n\t\t\t\t\t<\/div>\n\t\t<\/section>\n\t\t\t\t<section class=\"elementor-section elementor-top-section elementor-element elementor-element-5f60986d elementor-section-content-middle elementor-section-boxed elementor-section-height-default elementor-section-height-default\" data-id=\"5f60986d\" data-element_type=\"section\" data-settings=\"{&quot;background_background&quot;:&quot;classic&quot;}\">\n\t\t\t\t\t\t<div class=\"elementor-container elementor-column-gap-no\">\n\t\t\t\t\t<div class=\"elementor-column elementor-col-100 elementor-top-column elementor-element elementor-element-719442f6\" data-id=\"719442f6\" data-element_type=\"column\" data-settings=\"{&quot;background_background&quot;:&quot;classic&quot;}\">\n\t\t\t<div class=\"elementor-widget-wrap elementor-element-populated\">\n\t\t\t\t\t\t<div class=\"elementor-element elementor-element-eb45e4f elementor-headline--style-highlight elementor-widget elementor-widget-animated-headline\" data-id=\"eb45e4f\" data-element_type=\"widget\" data-settings=\"{&quot;highlighted_text&quot;:&quot;DoctorSport Events&quot;,&quot;headline_style&quot;:&quot;highlight&quot;,&quot;marker&quot;:&quot;circle&quot;,&quot;loop&quot;:&quot;yes&quot;,&quot;highlight_animation_duration&quot;:1200,&quot;highlight_iteration_delay&quot;:8000}\" data-widget_type=\"animated-headline.default\">\n\t\t\t\t<div class=\"elementor-widget-container\">\n\t\t\t\t\t\t\t<h3 class=\"elementor-headline\">\n\t\t\t\t<span class=\"elementor-headline-dynamic-wrapper elementor-headline-text-wrapper\">\n\t\t\t\t\t<span class=\"elementor-headline-dynamic-text elementor-headline-text-active\">DoctorSport Events<\/span>\n\t\t\t\t<\/span>\n\t\t\t\t<\/h3>\n\t\t\t\t\t\t<\/div>\n\t\t\t\t<\/div>\n\t\t\t\t<div class=\"elementor-element elementor-element-7ed7e30b elementor-widget elementor-widget-text-editor\" data-id=\"7ed7e30b\" data-element_type=\"widget\" data-widget_type=\"text-editor.default\">\n\t\t\t\t<div class=\"elementor-widget-container\">\n\t\t\t\t\t\t\t\t\t<p>DoctorSport Events est une soci\u00e9t\u00e9 d\u00e9di\u00e9e \u00e0 l'organisation d'\u00e9v\u00e9nements \u00e0 impact maximal en utilisant le moyen de communication le plus vaste et le plus universel, le sport. <\/p><p>Nous cherchons \u00e0 travers nos \u00e9v\u00e9nements \u00e0 offrir non seulement des \u00e9motions et des exp\u00e9riences, mais aussi \u00e0 transmettre la passion et l'enthousiasme qui nous motivent \u00e0 d\u00e9velopper des projets uniques et exclusifs tels que Figueira Beach Rugby International.<\/p><p>Nous sommes absolument #BeachSportsLovers <a href=\"https:\/\/www.portugalbeachrugby.com\/fr\/the-event\/\">Figueira Beach Rugby<\/a> a \u00e9t\u00e9 le point de d\u00e9part de plus de 10 ans d'organisation d'\u00e9v\u00e9nements sportifs de plage <a href=\"http:\/\/www.figueirabeachsportscity.com\">beach sports events<\/a>.<\/p><p><img fetchpriority=\"high\" decoding=\"async\" class=\"aligncenter wp-image-656 size-full\" src=\"https:\/\/www.portugalbeachrugby.com\/wp-content\/uploads\/2020\/10\/ae\u0301reas-2-1.jpg\" alt=\"Dosctorsport events\" width=\"960\" height=\"625\" srcset=\"https:\/\/www.portugalbeachrugby.com\/wp-content\/uploads\/2020\/10\/ae\u0301reas-2-1.jpg 960w, https:\/\/www.portugalbeachrugby.com\/wp-content\/uploads\/2020\/10\/ae\u0301reas-2-1-300x195.jpg 300w, https:\/\/www.portugalbeachrugby.com\/wp-content\/uploads\/2020\/10\/ae\u0301reas-2-1-768x500.jpg 768w, https:\/\/www.portugalbeachrugby.com\/wp-content\/uploads\/2020\/10\/ae\u0301reas-2-1-16x10.jpg 16w\" sizes=\"(max-width: 960px) 100vw, 960px\" \/><\/p>\t\t\t\t\t\t\t\t<\/div>\n\t\t\t\t<\/div>\n\t\t\t\t<div class=\"elementor-element elementor-element-963e6e4 elementor-headline--style-highlight elementor-widget elementor-widget-animated-headline\" data-id=\"963e6e4\" data-element_type=\"widget\" data-settings=\"{&quot;marker&quot;:&quot;underline&quot;,&quot;highlighted_text&quot;:&quot;Vision&quot;,&quot;headline_style&quot;:&quot;highlight&quot;,&quot;loop&quot;:&quot;yes&quot;,&quot;highlight_animation_duration&quot;:1200,&quot;highlight_iteration_delay&quot;:8000}\" data-widget_type=\"animated-headline.default\">\n\t\t\t\t<div class=\"elementor-widget-container\">\n\t\t\t\t\t\t\t<h3 class=\"elementor-headline\">\n\t\t\t\t<span class=\"elementor-headline-dynamic-wrapper elementor-headline-text-wrapper\">\n\t\t\t\t\t<span class=\"elementor-headline-dynamic-text elementor-headline-text-active\">Vision<\/span>\n\t\t\t\t<\/span>\n\t\t\t\t<\/h3>\n\t\t\t\t\t\t<\/div>\n\t\t\t\t<\/div>\n\t\t\t\t<div class=\"elementor-element elementor-element-2bdb8df elementor-widget elementor-widget-text-editor\" data-id=\"2bdb8df\" data-element_type=\"widget\" data-widget_type=\"text-editor.default\">\n\t\t\t\t<div class=\"elementor-widget-container\">\n\t\t\t\t\t\t\t\t\t<p>Cr\u00e9ez un \u00e9v\u00e9nement mondial de haute qualit\u00e9 per\u00e7u par tous comme la meilleure option au monde pour les tourn\u00e9es de rugby.<\/p>\t\t\t\t\t\t\t\t<\/div>\n\t\t\t\t<\/div>\n\t\t\t\t<div class=\"elementor-element elementor-element-5453dc5 elementor-headline--style-highlight elementor-widget elementor-widget-animated-headline\" data-id=\"5453dc5\" data-element_type=\"widget\" data-settings=\"{&quot;marker&quot;:&quot;underline&quot;,&quot;highlighted_text&quot;:&quot;Mission&quot;,&quot;headline_style&quot;:&quot;highlight&quot;,&quot;loop&quot;:&quot;yes&quot;,&quot;highlight_animation_duration&quot;:1200,&quot;highlight_iteration_delay&quot;:8000}\" data-widget_type=\"animated-headline.default\">\n\t\t\t\t<div class=\"elementor-widget-container\">\n\t\t\t\t\t\t\t<h3 class=\"elementor-headline\">\n\t\t\t\t<span class=\"elementor-headline-dynamic-wrapper elementor-headline-text-wrapper\">\n\t\t\t\t\t<span class=\"elementor-headline-dynamic-text elementor-headline-text-active\">Mission<\/span>\n\t\t\t\t<\/span>\n\t\t\t\t<\/h3>\n\t\t\t\t\t\t<\/div>\n\t\t\t\t<\/div>\n\t\t\t\t<div class=\"elementor-element elementor-element-ea68062 elementor-widget elementor-widget-text-editor\" data-id=\"ea68062\" data-element_type=\"widget\" data-widget_type=\"text-editor.default\">\n\t\t\t\t<div class=\"elementor-widget-container\">\n\t\t\t\t\t\t\t\t\t<p>Assurer \u00e0 tous ceux qui d\u00e9cident de rejoindre la #BeachRugbyMadness une exp\u00e9rience pour la vie, combinant le c\u00f4t\u00e9 comp\u00e9titif avec un aspect social o\u00f9 le plus important est le respect des autres et le partage d'amiti\u00e9s et de bonnes vibrations. Nous voulons que pendant deux jours, le monde puisse changer gr\u00e2ce \u00e0 l'\u00e9nergie positive g\u00e9n\u00e9r\u00e9e \u00e0 Figueira Beach Rugby.<\/p>\t\t\t\t\t\t\t\t<\/div>\n\t\t\t\t<\/div>\n\t\t\t\t<div class=\"elementor-element elementor-element-258b520 elementor-headline--style-highlight elementor-widget elementor-widget-animated-headline\" data-id=\"258b520\" data-element_type=\"widget\" data-settings=\"{&quot;marker&quot;:&quot;underline&quot;,&quot;highlighted_text&quot;:&quot;Values&quot;,&quot;headline_style&quot;:&quot;highlight&quot;,&quot;loop&quot;:&quot;yes&quot;,&quot;highlight_animation_duration&quot;:1200,&quot;highlight_iteration_delay&quot;:8000}\" data-widget_type=\"animated-headline.default\">\n\t\t\t\t<div class=\"elementor-widget-container\">\n\t\t\t\t\t\t\t<h3 class=\"elementor-headline\">\n\t\t\t\t<span class=\"elementor-headline-dynamic-wrapper elementor-headline-text-wrapper\">\n\t\t\t\t\t<span class=\"elementor-headline-dynamic-text elementor-headline-text-active\">Valeurs<\/span>\n\t\t\t\t<\/span>\n\t\t\t\t<\/h3>\n\t\t\t\t\t\t<\/div>\n\t\t\t\t<\/div>\n\t\t\t\t<div class=\"elementor-element elementor-element-cc04ecd elementor-widget elementor-widget-text-editor\" data-id=\"cc04ecd\" data-element_type=\"widget\" data-widget_type=\"text-editor.default\">\n\t\t\t\t<div class=\"elementor-widget-container\">\n\t\t\t\t\t\t\t\t\t<p>Seriousness, Competence, Professionalism, Altruism are the Core Values of DoctorSport Events.<\/p>\t\t\t\t\t\t\t\t<\/div>\n\t\t\t\t<\/div>\n\t\t\t\t<div class=\"elementor-element elementor-element-dd9f160 elementor-widget elementor-widget-video\" data-id=\"dd9f160\" data-element_type=\"widget\" data-settings=\"{&quot;youtube_url&quot;:&quot;https:\\\/\\\/youtu.be\\\/KZZsASQTlXA&quot;,&quot;video_type&quot;:&quot;youtube&quot;,&quot;controls&quot;:&quot;yes&quot;}\" data-widget_type=\"video.default\">\n\t\t\t\t<div class=\"elementor-widget-container\">\n\t\t\t\t\t\t\t<div class=\"elementor-wrapper elementor-open-inline\">\n\t\t\t<div class=\"elementor-video\"><\/div>\t\t<\/div>\n\t\t\t\t\t\t<\/div>\n\t\t\t\t<\/div>\n\t\t\t\t\t<\/div>\n\t\t<\/div>\n\t\t\t\t\t<\/div>\n\t\t<\/section>\n\t\t\t\t<\/div>","protected":false},"excerpt":{"rendered":"<p>About us DoctorSport Events DoctorSport Events is a company dedicated to organize events for maximum impact using the largest and most universal means of communication, Sport. We seek through our events to provide not only emotions and experiences as well as convey the passion and enthusiasm that motivates us to develop unique and exclusive projects [&hellip;]<\/p>\n","protected":false},"author":1,"featured_media":0,"parent":0,"menu_order":0,"comment_status":"closed","ping_status":"closed","template":"elementor_header_footer","meta":{"footnotes":""},"class_list":["post-46","page","type-page","status-publish","hentry"],"yoast_head":"<!-- This site is optimized with the Yoast SEO plugin v26.8 - https:\/\/yoast.com\/product\/yoast-seo-wordpress\/ -->\n<title>About us | Figueira Beach Rugby<\/title>\n<meta name=\"description\" content=\"About us DoctorSport Events DoctorSport Events is a company dedicated to organize events for maximum impact using the largest and most universal means of\" \/>\n<meta name=\"robots\" content=\"index, follow, max-snippet:-1, max-image-preview:large, max-video-preview:-1\" \/>\n<link rel=\"canonical\" href=\"https:\/\/www.portugalbeachrugby.com\/fr\/about-us-doctorsport-events\/\" \/>\n<meta property=\"og:locale\" content=\"fr_FR\" \/>\n<meta property=\"og:type\" content=\"article\" \/>\n<meta property=\"og:title\" content=\"About us | Figueira Beach Rugby\" \/>\n<meta property=\"og:description\" content=\"About us DoctorSport Events DoctorSport Events is a company dedicated to organize events for maximum impact using the largest and most universal means of\" \/>\n<meta property=\"og:url\" content=\"https:\/\/www.portugalbeachrugby.com\/fr\/about-us-doctorsport-events\/\" \/>\n<meta property=\"og:site_name\" content=\"Figueira Beach Rugby\" \/>\n<meta property=\"article:publisher\" content=\"https:\/\/www.facebook.com\/Figueirabeachrugby\" \/>\n<meta property=\"article:modified_time\" content=\"2023-09-26T10:31:21+00:00\" \/>\n<meta property=\"og:image\" content=\"https:\/\/www.portugalbeachrugby.com\/wp-content\/uploads\/2021\/02\/Facebook-Page-Cover-Beach-Rugby-Cartaz-Final.png\" \/>\n\t<meta property=\"og:image:width\" content=\"820\" \/>\n\t<meta property=\"og:image:height\" content=\"312\" \/>\n\t<meta property=\"og:image:type\" content=\"image\/png\" \/>\n<meta name=\"twitter:card\" content=\"summary_large_image\" \/>\n<meta name=\"twitter:label1\" content=\"Dur\u00e9e de lecture estim\u00e9e\" \/>\n\t<meta name=\"twitter:data1\" content=\"1 minute\" \/>\n<script type=\"application\/ld+json\" class=\"yoast-schema-graph\">{\"@context\":\"https:\/\/schema.org\",\"@graph\":[{\"@type\":\"WebPage\",\"@id\":\"https:\/\/www.portugalbeachrugby.com\/about-us-doctorsport-events\/\",\"url\":\"https:\/\/www.portugalbeachrugby.com\/about-us-doctorsport-events\/\",\"name\":\"About us | Figueira Beach Rugby\",\"isPartOf\":{\"@id\":\"https:\/\/www.portugalbeachrugby.com\/#website\"},\"datePublished\":\"2020-10-05T10:23:57+00:00\",\"dateModified\":\"2023-09-26T10:31:21+00:00\",\"description\":\"About us DoctorSport Events DoctorSport Events is a company dedicated to organize events for maximum impact using the largest and most universal means of\",\"breadcrumb\":{\"@id\":\"https:\/\/www.portugalbeachrugby.com\/about-us-doctorsport-events\/#breadcrumb\"},\"inLanguage\":\"fr-FR\",\"potentialAction\":[{\"@type\":\"ReadAction\",\"target\":[\"https:\/\/www.portugalbeachrugby.com\/about-us-doctorsport-events\/\"]}]},{\"@type\":\"BreadcrumbList\",\"@id\":\"https:\/\/www.portugalbeachrugby.com\/about-us-doctorsport-events\/#breadcrumb\",\"itemListElement\":[{\"@type\":\"ListItem\",\"position\":1,\"name\":\"Home\",\"item\":\"https:\/\/www.portugalbeachrugby.com\/\"},{\"@type\":\"ListItem\",\"position\":2,\"name\":\"About us\"}]},{\"@type\":\"WebSite\",\"@id\":\"https:\/\/www.portugalbeachrugby.com\/#website\",\"url\":\"https:\/\/www.portugalbeachrugby.com\/\",\"name\":\"Figueira Beach Rugby\",\"description\":\"Your Lifetime Experience\",\"publisher\":{\"@id\":\"https:\/\/www.portugalbeachrugby.com\/#organization\"},\"potentialAction\":[{\"@type\":\"SearchAction\",\"target\":{\"@type\":\"EntryPoint\",\"urlTemplate\":\"https:\/\/www.portugalbeachrugby.com\/?s={search_term_string}\"},\"query-input\":{\"@type\":\"PropertyValueSpecification\",\"valueRequired\":true,\"valueName\":\"search_term_string\"}}],\"inLanguage\":\"fr-FR\"},{\"@type\":\"Organization\",\"@id\":\"https:\/\/www.portugalbeachrugby.com\/#organization\",\"name\":\"Figueira Beach Rugby\",\"url\":\"https:\/\/www.portugalbeachrugby.com\/\",\"logo\":{\"@type\":\"ImageObject\",\"inLanguage\":\"fr-FR\",\"@id\":\"https:\/\/www.portugalbeachrugby.com\/#\/schema\/logo\/image\/\",\"url\":\"https:\/\/www.portugalbeachrugby.com\/wp-content\/uploads\/2020\/10\/cropped-Identity-Design-2021-Portugal-Figueira-Beach-Rugby.png\",\"contentUrl\":\"https:\/\/www.portugalbeachrugby.com\/wp-content\/uploads\/2020\/10\/cropped-Identity-Design-2021-Portugal-Figueira-Beach-Rugby.png\",\"width\":1462,\"height\":482,\"caption\":\"Figueira Beach Rugby\"},\"image\":{\"@id\":\"https:\/\/www.portugalbeachrugby.com\/#\/schema\/logo\/image\/\"},\"sameAs\":[\"https:\/\/www.facebook.com\/Figueirabeachrugby\",\"https:\/\/www.instagram.com\/figueirabeachrugby\/\",\"https:\/\/www.youtube.com\/c\/BeachRugbyPortugal\/videos\"]}]}<\/script>\n<!-- \/ Yoast SEO plugin. -->","yoast_head_json":{"title":"About us | Figueira Beach Rugby","description":"About us DoctorSport Events DoctorSport Events is a company dedicated to organize events for maximum impact using the largest and most universal means of","robots":{"index":"index","follow":"follow","max-snippet":"max-snippet:-1","max-image-preview":"max-image-preview:large","max-video-preview":"max-video-preview:-1"},"canonical":"https:\/\/www.portugalbeachrugby.com\/fr\/about-us-doctorsport-events\/","og_locale":"fr_FR","og_type":"article","og_title":"About us | Figueira Beach Rugby","og_description":"About us DoctorSport Events DoctorSport Events is a company dedicated to organize events for maximum impact using the largest and most universal means of","og_url":"https:\/\/www.portugalbeachrugby.com\/fr\/about-us-doctorsport-events\/","og_site_name":"Figueira Beach Rugby","article_publisher":"https:\/\/www.facebook.com\/Figueirabeachrugby","article_modified_time":"2023-09-26T10:31:21+00:00","og_image":[{"width":820,"height":312,"url":"https:\/\/www.portugalbeachrugby.com\/wp-content\/uploads\/2021\/02\/Facebook-Page-Cover-Beach-Rugby-Cartaz-Final.png","type":"image\/png"}],"twitter_card":"summary_large_image","twitter_misc":{"Dur\u00e9e de lecture estim\u00e9e":"1 minute"},"schema":{"@context":"https:\/\/schema.org","@graph":[{"@type":"WebPage","@id":"https:\/\/www.portugalbeachrugby.com\/about-us-doctorsport-events\/","url":"https:\/\/www.portugalbeachrugby.com\/about-us-doctorsport-events\/","name":"About us | Figueira Beach Rugby","isPartOf":{"@id":"https:\/\/www.portugalbeachrugby.com\/#website"},"datePublished":"2020-10-05T10:23:57+00:00","dateModified":"2023-09-26T10:31:21+00:00","description":"About us DoctorSport Events DoctorSport Events is a company dedicated to organize events for maximum impact using the largest and most universal means of","breadcrumb":{"@id":"https:\/\/www.portugalbeachrugby.com\/about-us-doctorsport-events\/#breadcrumb"},"inLanguage":"fr-FR","potentialAction":[{"@type":"ReadAction","target":["https:\/\/www.portugalbeachrugby.com\/about-us-doctorsport-events\/"]}]},{"@type":"BreadcrumbList","@id":"https:\/\/www.portugalbeachrugby.com\/about-us-doctorsport-events\/#breadcrumb","itemListElement":[{"@type":"ListItem","position":1,"name":"Home","item":"https:\/\/www.portugalbeachrugby.com\/"},{"@type":"ListItem","position":2,"name":"About us"}]},{"@type":"WebSite","@id":"https:\/\/www.portugalbeachrugby.com\/#website","url":"https:\/\/www.portugalbeachrugby.com\/","name":"Figueira Beach Rugby","description":"Your Lifetime Experience","publisher":{"@id":"https:\/\/www.portugalbeachrugby.com\/#organization"},"potentialAction":[{"@type":"SearchAction","target":{"@type":"EntryPoint","urlTemplate":"https:\/\/www.portugalbeachrugby.com\/?s={search_term_string}"},"query-input":{"@type":"PropertyValueSpecification","valueRequired":true,"valueName":"search_term_string"}}],"inLanguage":"fr-FR"},{"@type":"Organization","@id":"https:\/\/www.portugalbeachrugby.com\/#organization","name":"Figueira Beach Rugby","url":"https:\/\/www.portugalbeachrugby.com\/","logo":{"@type":"ImageObject","inLanguage":"fr-FR","@id":"https:\/\/www.portugalbeachrugby.com\/#\/schema\/logo\/image\/","url":"https:\/\/www.portugalbeachrugby.com\/wp-content\/uploads\/2020\/10\/cropped-Identity-Design-2021-Portugal-Figueira-Beach-Rugby.png","contentUrl":"https:\/\/www.portugalbeachrugby.com\/wp-content\/uploads\/2020\/10\/cropped-Identity-Design-2021-Portugal-Figueira-Beach-Rugby.png","width":1462,"height":482,"caption":"Figueira Beach Rugby"},"image":{"@id":"https:\/\/www.portugalbeachrugby.com\/#\/schema\/logo\/image\/"},"sameAs":["https:\/\/www.facebook.com\/Figueirabeachrugby","https:\/\/www.instagram.com\/figueirabeachrugby\/","https:\/\/www.youtube.com\/c\/BeachRugbyPortugal\/videos"]}]}},"_links":{"self":[{"href":"https:\/\/www.portugalbeachrugby.com\/fr\/wp-json\/wp\/v2\/pages\/46","targetHints":{"allow":["GET"]}}],"collection":[{"href":"https:\/\/www.portugalbeachrugby.com\/fr\/wp-json\/wp\/v2\/pages"}],"about":[{"href":"https:\/\/www.portugalbeachrugby.com\/fr\/wp-json\/wp\/v2\/types\/page"}],"author":[{"embeddable":true,"href":"https:\/\/www.portugalbeachrugby.com\/fr\/wp-json\/wp\/v2\/users\/1"}],"replies":[{"embeddable":true,"href":"https:\/\/www.portugalbeachrugby.com\/fr\/wp-json\/wp\/v2\/comments?post=46"}],"version-history":[{"count":45,"href":"https:\/\/www.portugalbeachrugby.com\/fr\/wp-json\/wp\/v2\/pages\/46\/revisions"}],"predecessor-version":[{"id":1796,"href":"https:\/\/www.portugalbeachrugby.com\/fr\/wp-json\/wp\/v2\/pages\/46\/revisions\/1796"}],"wp:attachment":[{"href":"https:\/\/www.portugalbeachrugby.com\/fr\/wp-json\/wp\/v2\/media?parent=46"}],"curies":[{"name":"wp","href":"https:\/\/api.w.org\/{rel}","templated":true}]}}