{"id":50,"date":"2020-10-05T10:24:59","date_gmt":"2020-10-05T10:24:59","guid":{"rendered":"https:\/\/www.portugalbeachrugby.com\/?page_id=50"},"modified":"2020-10-10T16:18:56","modified_gmt":"2020-10-10T16:18:56","slug":"where","status":"publish","type":"page","link":"https:\/\/www.portugalbeachrugby.com\/fr\/where\/","title":{"rendered":"O\u00f9"},"content":{"rendered":"<div data-elementor-type=\"wp-page\" data-elementor-id=\"50\" class=\"elementor elementor-50\" data-elementor-post-type=\"page\">\n\t\t\t\t\t\t<section class=\"elementor-section elementor-inner-section elementor-element elementor-element-87c7e5f elementor-section-boxed elementor-section-height-default elementor-section-height-default\" data-id=\"87c7e5f\" data-element_type=\"section\">\n\t\t\t\t\t\t<div class=\"elementor-container elementor-column-gap-default\">\n\t\t\t\t\t<div class=\"elementor-column elementor-col-50 elementor-inner-column elementor-element elementor-element-e1bba0d\" data-id=\"e1bba0d\" data-element_type=\"column\">\n\t\t\t<div class=\"elementor-widget-wrap elementor-element-populated\">\n\t\t\t\t\t\t<div class=\"elementor-element elementor-element-17a06256 elementor-widget elementor-widget-heading\" data-id=\"17a06256\" data-element_type=\"widget\" data-widget_type=\"heading.default\">\n\t\t\t\t<div class=\"elementor-widget-container\">\n\t\t\t\t\t<h2 class=\"elementor-heading-title elementor-size-default\">where<\/h2>\t\t\t\t<\/div>\n\t\t\t\t<\/div>\n\t\t\t\t\t<\/div>\n\t\t<\/div>\n\t\t\t\t<div class=\"elementor-column elementor-col-50 elementor-inner-column elementor-element elementor-element-68dc646d\" data-id=\"68dc646d\" data-element_type=\"column\">\n\t\t\t<div class=\"elementor-widget-wrap elementor-element-populated\">\n\t\t\t\t\t\t<div class=\"elementor-element elementor-element-6074a5d6 elementor-widget-divider--view-line elementor-widget elementor-widget-divider\" data-id=\"6074a5d6\" data-element_type=\"widget\" data-widget_type=\"divider.default\">\n\t\t\t\t<div class=\"elementor-widget-container\">\n\t\t\t\t\t\t\t<div class=\"elementor-divider\">\n\t\t\t<span class=\"elementor-divider-separator\">\n\t\t\t\t\t\t<\/span>\n\t\t<\/div>\n\t\t\t\t\t\t<\/div>\n\t\t\t\t<\/div>\n\t\t\t\t\t<\/div>\n\t\t<\/div>\n\t\t\t\t\t<\/div>\n\t\t<\/section>\n\t\t\t\t<section class=\"elementor-section elementor-top-section elementor-element elementor-element-7286eeaf elementor-section-content-middle elementor-section-boxed elementor-section-height-default elementor-section-height-default\" data-id=\"7286eeaf\" data-element_type=\"section\" data-settings=\"{&quot;background_background&quot;:&quot;classic&quot;}\">\n\t\t\t\t\t\t<div class=\"elementor-container elementor-column-gap-no\">\n\t\t\t\t\t<div class=\"elementor-column elementor-col-100 elementor-top-column elementor-element elementor-element-3ff367c\" data-id=\"3ff367c\" data-element_type=\"column\" data-settings=\"{&quot;background_background&quot;:&quot;classic&quot;}\">\n\t\t\t<div class=\"elementor-widget-wrap elementor-element-populated\">\n\t\t\t\t\t\t<div class=\"elementor-element elementor-element-5a607bc2 elementor-widget elementor-widget-text-editor\" data-id=\"5a607bc2\" data-element_type=\"widget\" data-widget_type=\"text-editor.default\">\n\t\t\t\t<div class=\"elementor-widget-container\">\n\t\t\t\t\t\t\t\t\t<p>Figueira da Foz est situ\u00e9e dans le centre du Portugal, \u00e0 40 minutes de Coimbra, \u00e0 une heure et demie de Porto et \u00e0 deux heures de Lisbonne.<br \/><br \/>Figueira da Foz est consid\u00e9r\u00e9e comme la reine des plages portugaises. Figueira est une destination touristique populaire, accueillant toutes sortes d'\u00e9v\u00e9nements tout au long de l'ann\u00e9e. A Figueira, il y a toujours quelque chose d'amusant pour tout le monde.<br \/><br \/>Figueira da Foz est plus que de simples journ\u00e9es \u00e0 la plage. Le bord de mer est l'ex-libris de la ville, mais il y a une autre \u00e9tape qui est tout aussi populaire: le casino Figueira da Foz.<br \/><br \/>Les rues d'\u00e9t\u00e9 sont remplies de jeunes. Les bars et pubs attirent de nombreux touristes qui donnent une couleur et une ambiance uniques aux belles nuits chaudes.<br \/><br \/>Les grandes et belles plages de sable font de Figueira da Foz le meilleur endroit pour accueillir cet \u00e9v\u00e9nement unique.<\/p>\t\t\t\t\t\t\t\t<\/div>\n\t\t\t\t<\/div>\n\t\t\t\t<div class=\"elementor-element elementor-element-f3c4d46 elementor-widget elementor-widget-image\" data-id=\"f3c4d46\" data-element_type=\"widget\" data-widget_type=\"image.default\">\n\t\t\t\t<div class=\"elementor-widget-container\">\n\t\t\t\t\t\t\t\t\t\t\t\t\t\t\t<img fetchpriority=\"high\" decoding=\"async\" width=\"800\" height=\"600\" src=\"https:\/\/www.portugalbeachrugby.com\/wp-content\/uploads\/2020\/10\/figueira.jpg\" class=\"attachment-large size-large wp-image-189\" alt=\"Beach Rugby Tournament\" srcset=\"https:\/\/www.portugalbeachrugby.com\/wp-content\/uploads\/2020\/10\/figueira.jpg 1024w, https:\/\/www.portugalbeachrugby.com\/wp-content\/uploads\/2020\/10\/figueira-300x225.jpg 300w, https:\/\/www.portugalbeachrugby.com\/wp-content\/uploads\/2020\/10\/figueira-768x576.jpg 768w\" sizes=\"(max-width: 800px) 100vw, 800px\" \/>\t\t\t\t\t\t\t\t\t\t\t\t\t\t\t<\/div>\n\t\t\t\t<\/div>\n\t\t\t\t\t<\/div>\n\t\t<\/div>\n\t\t\t\t\t<\/div>\n\t\t<\/section>\n\t\t\t\t<\/div>","protected":false},"excerpt":{"rendered":"<p>where Figueira da Foz is located in the Centre of Portugal, 40 minutes from Coimbra, one hour and half from Oporto and two hours from Lisbon. Figueira da Foz is considered the Queen of the portuguese beaches. Figueira is a\u00a0 popular touristic destination, welcoming all kinds of events year round. In Figueira there\u00b4s always something [&hellip;]<\/p>\n","protected":false},"author":1,"featured_media":0,"parent":0,"menu_order":0,"comment_status":"closed","ping_status":"closed","template":"elementor_header_footer","meta":{"footnotes":""},"class_list":["post-50","page","type-page","status-publish","hentry"],"yoast_head":"<!-- This site is optimized with the Yoast SEO plugin v26.8 - https:\/\/yoast.com\/product\/yoast-seo-wordpress\/ -->\n<title>Where | Figueira Beach Rugby<\/title>\n<meta name=\"description\" content=\"where Figueira da Foz is located in the Centre of Portugal, 40 minutes from Coimbra, one hour and half from Oporto and two hours from Lisbon.Figueira da\" \/>\n<meta name=\"robots\" content=\"index, follow, max-snippet:-1, max-image-preview:large, max-video-preview:-1\" \/>\n<link rel=\"canonical\" href=\"https:\/\/www.portugalbeachrugby.com\/fr\/where\/\" \/>\n<meta property=\"og:locale\" content=\"fr_FR\" \/>\n<meta property=\"og:type\" content=\"article\" \/>\n<meta property=\"og:title\" content=\"Where | Figueira Beach Rugby\" \/>\n<meta property=\"og:description\" content=\"where Figueira da Foz is located in the Centre of Portugal, 40 minutes from Coimbra, one hour and half from Oporto and two hours from Lisbon.Figueira da\" \/>\n<meta property=\"og:url\" content=\"https:\/\/www.portugalbeachrugby.com\/fr\/where\/\" \/>\n<meta property=\"og:site_name\" content=\"Figueira Beach Rugby\" \/>\n<meta property=\"article:publisher\" content=\"https:\/\/www.facebook.com\/Figueirabeachrugby\" \/>\n<meta property=\"article:modified_time\" content=\"2020-10-10T16:18:56+00:00\" \/>\n<meta property=\"og:image\" content=\"https:\/\/www.portugalbeachrugby.com\/wp-content\/uploads\/2020\/10\/figueira.jpg\" \/>\n<meta name=\"twitter:card\" content=\"summary_large_image\" \/>\n<meta name=\"twitter:label1\" content=\"Dur\u00e9e de lecture estim\u00e9e\" \/>\n\t<meta name=\"twitter:data1\" content=\"1 minute\" \/>\n<script type=\"application\/ld+json\" class=\"yoast-schema-graph\">{\"@context\":\"https:\/\/schema.org\",\"@graph\":[{\"@type\":\"WebPage\",\"@id\":\"https:\/\/www.portugalbeachrugby.com\/where\/\",\"url\":\"https:\/\/www.portugalbeachrugby.com\/where\/\",\"name\":\"Where | Figueira Beach Rugby\",\"isPartOf\":{\"@id\":\"https:\/\/www.portugalbeachrugby.com\/#website\"},\"primaryImageOfPage\":{\"@id\":\"https:\/\/www.portugalbeachrugby.com\/where\/#primaryimage\"},\"image\":{\"@id\":\"https:\/\/www.portugalbeachrugby.com\/where\/#primaryimage\"},\"thumbnailUrl\":\"https:\/\/www.portugalbeachrugby.com\/wp-content\/uploads\/2020\/10\/figueira.jpg\",\"datePublished\":\"2020-10-05T10:24:59+00:00\",\"dateModified\":\"2020-10-10T16:18:56+00:00\",\"description\":\"where Figueira da Foz is located in the Centre of Portugal, 40 minutes from Coimbra, one hour and half from Oporto and two hours from Lisbon.Figueira da\",\"breadcrumb\":{\"@id\":\"https:\/\/www.portugalbeachrugby.com\/where\/#breadcrumb\"},\"inLanguage\":\"fr-FR\",\"potentialAction\":[{\"@type\":\"ReadAction\",\"target\":[\"https:\/\/www.portugalbeachrugby.com\/where\/\"]}]},{\"@type\":\"ImageObject\",\"inLanguage\":\"fr-FR\",\"@id\":\"https:\/\/www.portugalbeachrugby.com\/where\/#primaryimage\",\"url\":\"https:\/\/www.portugalbeachrugby.com\/wp-content\/uploads\/2020\/10\/figueira.jpg\",\"contentUrl\":\"https:\/\/www.portugalbeachrugby.com\/wp-content\/uploads\/2020\/10\/figueira.jpg\"},{\"@type\":\"BreadcrumbList\",\"@id\":\"https:\/\/www.portugalbeachrugby.com\/where\/#breadcrumb\",\"itemListElement\":[{\"@type\":\"ListItem\",\"position\":1,\"name\":\"Home\",\"item\":\"https:\/\/www.portugalbeachrugby.com\/\"},{\"@type\":\"ListItem\",\"position\":2,\"name\":\"Where\"}]},{\"@type\":\"WebSite\",\"@id\":\"https:\/\/www.portugalbeachrugby.com\/#website\",\"url\":\"https:\/\/www.portugalbeachrugby.com\/\",\"name\":\"Figueira Beach Rugby\",\"description\":\"Your Lifetime Experience\",\"publisher\":{\"@id\":\"https:\/\/www.portugalbeachrugby.com\/#organization\"},\"potentialAction\":[{\"@type\":\"SearchAction\",\"target\":{\"@type\":\"EntryPoint\",\"urlTemplate\":\"https:\/\/www.portugalbeachrugby.com\/?s={search_term_string}\"},\"query-input\":{\"@type\":\"PropertyValueSpecification\",\"valueRequired\":true,\"valueName\":\"search_term_string\"}}],\"inLanguage\":\"fr-FR\"},{\"@type\":\"Organization\",\"@id\":\"https:\/\/www.portugalbeachrugby.com\/#organization\",\"name\":\"Figueira Beach Rugby\",\"url\":\"https:\/\/www.portugalbeachrugby.com\/\",\"logo\":{\"@type\":\"ImageObject\",\"inLanguage\":\"fr-FR\",\"@id\":\"https:\/\/www.portugalbeachrugby.com\/#\/schema\/logo\/image\/\",\"url\":\"https:\/\/www.portugalbeachrugby.com\/wp-content\/uploads\/2020\/10\/cropped-Identity-Design-2021-Portugal-Figueira-Beach-Rugby.png\",\"contentUrl\":\"https:\/\/www.portugalbeachrugby.com\/wp-content\/uploads\/2020\/10\/cropped-Identity-Design-2021-Portugal-Figueira-Beach-Rugby.png\",\"width\":1462,\"height\":482,\"caption\":\"Figueira Beach Rugby\"},\"image\":{\"@id\":\"https:\/\/www.portugalbeachrugby.com\/#\/schema\/logo\/image\/\"},\"sameAs\":[\"https:\/\/www.facebook.com\/Figueirabeachrugby\",\"https:\/\/www.instagram.com\/figueirabeachrugby\/\",\"https:\/\/www.youtube.com\/c\/BeachRugbyPortugal\/videos\"]}]}<\/script>\n<!-- \/ Yoast SEO plugin. -->","yoast_head_json":{"title":"Where | Figueira Beach Rugby","description":"where Figueira da Foz is located in the Centre of Portugal, 40 minutes from Coimbra, one hour and half from Oporto and two hours from Lisbon.Figueira da","robots":{"index":"index","follow":"follow","max-snippet":"max-snippet:-1","max-image-preview":"max-image-preview:large","max-video-preview":"max-video-preview:-1"},"canonical":"https:\/\/www.portugalbeachrugby.com\/fr\/where\/","og_locale":"fr_FR","og_type":"article","og_title":"Where | Figueira Beach Rugby","og_description":"where Figueira da Foz is located in the Centre of Portugal, 40 minutes from Coimbra, one hour and half from Oporto and two hours from Lisbon.Figueira da","og_url":"https:\/\/www.portugalbeachrugby.com\/fr\/where\/","og_site_name":"Figueira Beach Rugby","article_publisher":"https:\/\/www.facebook.com\/Figueirabeachrugby","article_modified_time":"2020-10-10T16:18:56+00:00","og_image":[{"url":"https:\/\/www.portugalbeachrugby.com\/wp-content\/uploads\/2020\/10\/figueira.jpg","type":"","width":"","height":""}],"twitter_card":"summary_large_image","twitter_misc":{"Dur\u00e9e de lecture estim\u00e9e":"1 minute"},"schema":{"@context":"https:\/\/schema.org","@graph":[{"@type":"WebPage","@id":"https:\/\/www.portugalbeachrugby.com\/where\/","url":"https:\/\/www.portugalbeachrugby.com\/where\/","name":"Where | Figueira Beach Rugby","isPartOf":{"@id":"https:\/\/www.portugalbeachrugby.com\/#website"},"primaryImageOfPage":{"@id":"https:\/\/www.portugalbeachrugby.com\/where\/#primaryimage"},"image":{"@id":"https:\/\/www.portugalbeachrugby.com\/where\/#primaryimage"},"thumbnailUrl":"https:\/\/www.portugalbeachrugby.com\/wp-content\/uploads\/2020\/10\/figueira.jpg","datePublished":"2020-10-05T10:24:59+00:00","dateModified":"2020-10-10T16:18:56+00:00","description":"where Figueira da Foz is located in the Centre of Portugal, 40 minutes from Coimbra, one hour and half from Oporto and two hours from Lisbon.Figueira da","breadcrumb":{"@id":"https:\/\/www.portugalbeachrugby.com\/where\/#breadcrumb"},"inLanguage":"fr-FR","potentialAction":[{"@type":"ReadAction","target":["https:\/\/www.portugalbeachrugby.com\/where\/"]}]},{"@type":"ImageObject","inLanguage":"fr-FR","@id":"https:\/\/www.portugalbeachrugby.com\/where\/#primaryimage","url":"https:\/\/www.portugalbeachrugby.com\/wp-content\/uploads\/2020\/10\/figueira.jpg","contentUrl":"https:\/\/www.portugalbeachrugby.com\/wp-content\/uploads\/2020\/10\/figueira.jpg"},{"@type":"BreadcrumbList","@id":"https:\/\/www.portugalbeachrugby.com\/where\/#breadcrumb","itemListElement":[{"@type":"ListItem","position":1,"name":"Home","item":"https:\/\/www.portugalbeachrugby.com\/"},{"@type":"ListItem","position":2,"name":"Where"}]},{"@type":"WebSite","@id":"https:\/\/www.portugalbeachrugby.com\/#website","url":"https:\/\/www.portugalbeachrugby.com\/","name":"Figueira Beach Rugby","description":"Your Lifetime Experience","publisher":{"@id":"https:\/\/www.portugalbeachrugby.com\/#organization"},"potentialAction":[{"@type":"SearchAction","target":{"@type":"EntryPoint","urlTemplate":"https:\/\/www.portugalbeachrugby.com\/?s={search_term_string}"},"query-input":{"@type":"PropertyValueSpecification","valueRequired":true,"valueName":"search_term_string"}}],"inLanguage":"fr-FR"},{"@type":"Organization","@id":"https:\/\/www.portugalbeachrugby.com\/#organization","name":"Figueira Beach Rugby","url":"https:\/\/www.portugalbeachrugby.com\/","logo":{"@type":"ImageObject","inLanguage":"fr-FR","@id":"https:\/\/www.portugalbeachrugby.com\/#\/schema\/logo\/image\/","url":"https:\/\/www.portugalbeachrugby.com\/wp-content\/uploads\/2020\/10\/cropped-Identity-Design-2021-Portugal-Figueira-Beach-Rugby.png","contentUrl":"https:\/\/www.portugalbeachrugby.com\/wp-content\/uploads\/2020\/10\/cropped-Identity-Design-2021-Portugal-Figueira-Beach-Rugby.png","width":1462,"height":482,"caption":"Figueira Beach Rugby"},"image":{"@id":"https:\/\/www.portugalbeachrugby.com\/#\/schema\/logo\/image\/"},"sameAs":["https:\/\/www.facebook.com\/Figueirabeachrugby","https:\/\/www.instagram.com\/figueirabeachrugby\/","https:\/\/www.youtube.com\/c\/BeachRugbyPortugal\/videos"]}]}},"_links":{"self":[{"href":"https:\/\/www.portugalbeachrugby.com\/fr\/wp-json\/wp\/v2\/pages\/50","targetHints":{"allow":["GET"]}}],"collection":[{"href":"https:\/\/www.portugalbeachrugby.com\/fr\/wp-json\/wp\/v2\/pages"}],"about":[{"href":"https:\/\/www.portugalbeachrugby.com\/fr\/wp-json\/wp\/v2\/types\/page"}],"author":[{"embeddable":true,"href":"https:\/\/www.portugalbeachrugby.com\/fr\/wp-json\/wp\/v2\/users\/1"}],"replies":[{"embeddable":true,"href":"https:\/\/www.portugalbeachrugby.com\/fr\/wp-json\/wp\/v2\/comments?post=50"}],"version-history":[{"count":2,"href":"https:\/\/www.portugalbeachrugby.com\/fr\/wp-json\/wp\/v2\/pages\/50\/revisions"}],"predecessor-version":[{"id":190,"href":"https:\/\/www.portugalbeachrugby.com\/fr\/wp-json\/wp\/v2\/pages\/50\/revisions\/190"}],"wp:attachment":[{"href":"https:\/\/www.portugalbeachrugby.com\/fr\/wp-json\/wp\/v2\/media?parent=50"}],"curies":[{"name":"wp","href":"https:\/\/api.w.org\/{rel}","templated":true}]}}